{"id":1689,"date":"2023-03-13T15:01:50","date_gmt":"2023-03-13T14:01:50","guid":{"rendered":"https:\/\/willagowidlina.pl\/?page_id=1689"},"modified":"2025-12-11T12:26:49","modified_gmt":"2025-12-11T11:26:49","slug":"galerie","status":"publish","type":"page","link":"https:\/\/willagowidlina.pl\/cs\/galerie\/","title":{"rendered":"Galerie"},"content":{"rendered":"<section class=\"l-section wpb_row height_auto width_full\"><div class=\"l-section-overlay\" style=\"background:#1a1a1a\"><\/div><div class=\"l-section-h i-cf\"><div class=\"g-cols vc_row via_grid cols_1 laptops-cols_inherit tablets-cols_inherit mobiles-cols_1 valign_top type_default stacking_default\"><div class=\"wpb_column vc_column_container\"><div class=\"vc_column-inner\"><div class=\"w-grid us_grid type_grid layout_132 hidden cols_4 preload_style_spinner\" id=\"us_grid_1\" style=\"--columns:4;--gap:1px;\" data-filterable=\"true\"><style>@media (max-width:1024px){#us_grid_1{--columns:3!important}}@media (max-width:600px){#us_grid_1{--columns:2!important}}.layout_132 .w-grid-item-h{}.layout_132 .usg_post_image_1{position:static!important}<\/style><div class=\"w-grid-list\"><\/div>\t<div class=\"w-grid-preloader\">\r\n\t\t<div class=\"g-preloader type_1\">\r\n\t\t\t<div><\/div>\r\n\t\t<\/div>\r\n\t<\/div>\r\n\t\t<div class=\"w-grid-json hidden\" onclick='return {&quot;action&quot;:&quot;us_ajax_grid&quot;,&quot;infinite_scroll&quot;:0,&quot;max_num_pages&quot;:0,&quot;pagination&quot;:&quot;none&quot;,&quot;template_vars&quot;:{&quot;columns&quot;:&quot;4&quot;,&quot;exclude_items&quot;:&quot;none&quot;,&quot;img_size&quot;:&quot;default&quot;,&quot;ignore_items_size&quot;:0,&quot;items_layout&quot;:&quot;132&quot;,&quot;items_offset&quot;:&quot;1&quot;,&quot;load_animation&quot;:&quot;none&quot;,&quot;overriding_link&quot;:&quot;%7B%22type%22%3A%22popup_image%22%7D&quot;,&quot;post_id&quot;:0,&quot;query_args&quot;:{&quot;post_type&quot;:[&quot;attachment&quot;],&quot;post__in&quot;:[&quot;1258&quot;,&quot;1261&quot;,&quot;1264&quot;,&quot;1267&quot;,&quot;1270&quot;,&quot;1273&quot;,&quot;1276&quot;,&quot;1279&quot;,&quot;1282&quot;,&quot;1285&quot;,&quot;1288&quot;,&quot;1291&quot;,&quot;1294&quot;,&quot;1297&quot;,&quot;1300&quot;,&quot;1303&quot;,&quot;1306&quot;,&quot;1309&quot;,&quot;1312&quot;,&quot;1315&quot;,&quot;1321&quot;,&quot;1318&quot;,&quot;1324&quot;,&quot;1327&quot;,&quot;1330&quot;,&quot;1333&quot;,&quot;1336&quot;,&quot;1339&quot;,&quot;1342&quot;,&quot;1345&quot;,&quot;1348&quot;,&quot;1351&quot;,&quot;1354&quot;,&quot;1357&quot;,&quot;1363&quot;,&quot;1369&quot;,&quot;1366&quot;,&quot;1372&quot;,&quot;1375&quot;,&quot;1378&quot;,&quot;1381&quot;,&quot;1384&quot;,&quot;1387&quot;,&quot;1390&quot;,&quot;1393&quot;,&quot;1396&quot;,&quot;1399&quot;,&quot;1402&quot;,&quot;1405&quot;,&quot;1408&quot;,&quot;1411&quot;,&quot;1417&quot;,&quot;1414&quot;,&quot;1420&quot;,&quot;1423&quot;,&quot;1426&quot;,&quot;1429&quot;,&quot;1432&quot;,&quot;1435&quot;,&quot;1438&quot;,&quot;1441&quot;,&quot;1444&quot;,&quot;1447&quot;,&quot;1450&quot;,&quot;1453&quot;,&quot;1456&quot;,&quot;1459&quot;,&quot;1465&quot;,&quot;1462&quot;,&quot;1468&quot;,&quot;1471&quot;,&quot;1474&quot;,&quot;1477&quot;,&quot;1480&quot;,&quot;1483&quot;,&quot;1486&quot;,&quot;1489&quot;,&quot;1492&quot;,&quot;1495&quot;,&quot;1498&quot;,&quot;1501&quot;,&quot;1504&quot;,&quot;1507&quot;,&quot;1513&quot;,&quot;1510&quot;,&quot;1516&quot;,&quot;1519&quot;,&quot;1522&quot;,&quot;1525&quot;,&quot;1528&quot;,&quot;1531&quot;,&quot;1534&quot;,&quot;1537&quot;,&quot;1546&quot;,&quot;1540&quot;,&quot;1543&quot;],&quot;post_status&quot;:&quot;inherit&quot;,&quot;post_mime_type&quot;:&quot;image&quot;,&quot;posts_per_page&quot;:&quot;400&quot;},&quot;orderby_query_args&quot;:{&quot;orderby&quot;:{&quot;post__in&quot;:&quot;ASC&quot;},&quot;order&quot;:&quot;ASC&quot;},&quot;type&quot;:&quot;grid&quot;,&quot;us_grid_post_type&quot;:&quot;attachment&quot;,&quot;us_grid_ajax_index&quot;:1,&quot;us_grid_filter_query_string&quot;:null,&quot;us_grid_index&quot;:1,&quot;page_args&quot;:[],&quot;lang&quot;:&quot;cs&quot;}}'><\/div>\r\n\t<\/div><div class=\"w-grid-none type_message\">Nebyly nalezeny \u017e\u00e1dn\u00e9 v\u00fdsledky.<\/div><\/div><\/div><\/div><\/div><\/section>\n","protected":false},"excerpt":{"rendered":"Nebyly nalezeny \u017e\u00e1dn\u00e9 v\u00fdsledky.","protected":false},"author":1,"featured_media":0,"parent":0,"menu_order":0,"comment_status":"closed","ping_status":"closed","template":"","meta":{"footnotes":""},"class_list":["post-1689","page","type-page","status-publish","hentry"],"_links":{"self":[{"href":"https:\/\/willagowidlina.pl\/cs\/wp-json\/wp\/v2\/pages\/1689","targetHints":{"allow":["GET"]}}],"collection":[{"href":"https:\/\/willagowidlina.pl\/cs\/wp-json\/wp\/v2\/pages"}],"about":[{"href":"https:\/\/willagowidlina.pl\/cs\/wp-json\/wp\/v2\/types\/page"}],"author":[{"embeddable":true,"href":"https:\/\/willagowidlina.pl\/cs\/wp-json\/wp\/v2\/users\/1"}],"replies":[{"embeddable":true,"href":"https:\/\/willagowidlina.pl\/cs\/wp-json\/wp\/v2\/comments?post=1689"}],"version-history":[{"count":0,"href":"https:\/\/willagowidlina.pl\/cs\/wp-json\/wp\/v2\/pages\/1689\/revisions"}],"wp:attachment":[{"href":"https:\/\/willagowidlina.pl\/cs\/wp-json\/wp\/v2\/media?parent=1689"}],"curies":[{"name":"wp","href":"https:\/\/api.w.org\/{rel}","templated":true}]}}